{"id":31525,"date":"2025-01-23T19:15:50","date_gmt":"2025-01-23T18:15:50","guid":{"rendered":"https:\/\/leixem.com\/?page_id=31525"},"modified":"2025-03-01T23:34:26","modified_gmt":"2025-03-01T23:34:26","slug":"services-gestion-parc-terminaux","status":"publish","type":"page","link":"https:\/\/leixem.com\/en\/services-gestion-parc-terminaux\/","title":{"rendered":"Terminal fleet management"},"content":{"rendered":"<div data-elementor-type=\"wp-page\" data-elementor-id=\"31525\" class=\"elementor elementor-31525\" data-elementor-post-type=\"page\">\n\t\t\t\t<div class=\"elementor-element elementor-element-0200ce2 e-con-full e-flex e-con e-parent\" data-id=\"0200ce2\" data-element_type=\"container\" data-settings=\"{&quot;animation&quot;:&quot;none&quot;}\">\n\t\t\t\t<\/div>\n\t\t<div class=\"elementor-element elementor-element-d56c7b4 e-flex e-con-boxed e-con e-parent\" data-id=\"d56c7b4\" data-element_type=\"container\">\n\t\t\t\t\t<div class=\"e-con-inner\">\n\t\t\t\t<div class=\"elementor-element elementor-element-b64c065 elementor-widget elementor-widget-heading\" data-id=\"b64c065\" data-element_type=\"widget\" data-widget_type=\"heading.default\">\n\t\t\t\t<div class=\"elementor-widget-container\">\n\t\t\t\t\t<h1 class=\"elementor-heading-title elementor-size-default\">TERMINAL FLEET MANAGEMENT<\/h1>\t\t\t\t<\/div>\n\t\t\t\t<\/div>\n\t\t\t\t<div class=\"elementor-element elementor-element-ebf19c6 elementor-widget__width-initial elementor-widget elementor-widget-text-editor\" data-id=\"ebf19c6\" data-element_type=\"widget\" data-widget_type=\"text-editor.default\">\n\t\t\t\t<div class=\"elementor-widget-container\">\n\t\t\t\t\t\t\t\t\t<p>LEIXEM offers two innovative software platforms designed to improve customer visibility, user experience and\u00a0 <br \/>productivity. These platforms integrate powerful features, including:\u00a0<\/p>\t\t\t\t\t\t\t\t<\/div>\n\t\t\t\t<\/div>\n\t\t\t\t\t<\/div>\n\t\t\t\t<\/div>\n\t\t<div class=\"elementor-element elementor-element-lu6emv5 e-flex e-con-boxed e-con e-parent\" data-id=\"lu6emv5\" data-element_type=\"container\" data-settings=\"{&quot;background_background&quot;:&quot;classic&quot;}\">\n\t\t\t\t\t<div class=\"e-con-inner\">\n\t\t<div class=\"elementor-element elementor-element-8d56ee4 e-con-full e-flex e-con e-child\" data-id=\"8d56ee4\" data-element_type=\"container\">\n\t\t<div class=\"elementor-element elementor-element-147497f e-con-full e-flex e-con e-child\" data-id=\"147497f\" data-element_type=\"container\">\n\t\t<div class=\"elementor-element elementor-element-070bc93 e-con-full e-flex e-con e-child\" data-id=\"070bc93\" data-element_type=\"container\">\n\t\t\t\t<div class=\"elementor-element elementor-element-ada0517 elementor-invisible elementor-widget elementor-widget-image\" data-id=\"ada0517\" data-element_type=\"widget\" data-settings=\"{&quot;_animation&quot;:&quot;bounceInDown&quot;}\" data-widget_type=\"image.default\">\n\t\t\t\t<div class=\"elementor-widget-container\">\n\t\t\t\t\t\t\t\t\t\t\t\t\t\t\t<img fetchpriority=\"high\" decoding=\"async\" width=\"675\" height=\"675\" src=\"https:\/\/leixem.com\/wp-content\/uploads\/2025\/02\/leixem.jpg\" class=\"attachment-full size-full wp-image-31955\" alt=\"\" srcset=\"https:\/\/leixem.com\/wp-content\/uploads\/2025\/02\/leixem.jpg 675w, https:\/\/leixem.com\/wp-content\/uploads\/2025\/02\/leixem-300x300.jpg 300w, https:\/\/leixem.com\/wp-content\/uploads\/2025\/02\/leixem-150x150.jpg 150w, https:\/\/leixem.com\/wp-content\/uploads\/2025\/02\/leixem-12x12.jpg 12w\" sizes=\"(max-width: 675px) 100vw, 675px\" \/>\t\t\t\t\t\t\t\t\t\t\t\t\t\t\t<\/div>\n\t\t\t\t<\/div>\n\t\t\t\t<\/div>\n\t\t<div class=\"elementor-element elementor-element-c1b2f2d e-con-full e-flex e-con e-child\" data-id=\"c1b2f2d\" data-element_type=\"container\">\n\t\t\t\t<div class=\"elementor-element elementor-element-f4de923 elementor-widget elementor-widget-text-editor\" data-id=\"f4de923\" data-element_type=\"widget\" data-widget_type=\"text-editor.default\">\n\t\t\t\t<div class=\"elementor-widget-container\">\n\t\t\t\t\t\t\t\t\t<p>1. Role-based architecture<\/p><p>2.Multi-tenant<\/p><p>3.MulTiMs<\/p><p>4.POSGuard<\/p><p>5.Tradeye<\/p><p>6.Sending messages on the terminal screen<\/p><p>7.Geolocation\u00a0<\/p>\t\t\t\t\t\t\t\t<\/div>\n\t\t\t\t<\/div>\n\t\t\t\t<\/div>\n\t\t\t\t<\/div>\n\t\t<div class=\"elementor-element elementor-element-aa5796e e-con-full e-flex e-con e-child\" data-id=\"aa5796e\" data-element_type=\"container\">\n\t\t<div class=\"elementor-element elementor-element-884e89a e-con-full e-flex e-con e-child\" data-id=\"884e89a\" data-element_type=\"container\">\n\t\t\t\t<div class=\"elementor-element elementor-element-1e9397a elementor-widget elementor-widget-text-editor\" data-id=\"1e9397a\" data-element_type=\"widget\" data-widget_type=\"text-editor.default\">\n\t\t\t\t<div class=\"elementor-widget-container\">\n\t\t\t\t\t\t\t\t\t<p>These features allow LEIXEM to provide flexible, secure and efficient solutions, adapted to the diverse needs of customers and contributing to the fluidity of operations.<\/p>\t\t\t\t\t\t\t\t<\/div>\n\t\t\t\t<\/div>\n\t\t\t\t<\/div>\n\t\t<div class=\"elementor-element elementor-element-a4186ff e-con-full e-flex e-con e-child\" data-id=\"a4186ff\" data-element_type=\"container\">\n\t\t\t\t<div class=\"elementor-element elementor-element-c20208f elementor-invisible elementor-widget elementor-widget-image\" data-id=\"c20208f\" data-element_type=\"widget\" data-settings=\"{&quot;_animation&quot;:&quot;fadeInUp&quot;}\" data-widget_type=\"image.default\">\n\t\t\t\t<div class=\"elementor-widget-container\">\n\t\t\t\t\t\t\t\t\t\t\t\t\t\t\t<img decoding=\"async\" width=\"675\" height=\"675\" src=\"https:\/\/leixem.com\/wp-content\/uploads\/2025\/02\/1leixem.jpg\" class=\"attachment-full size-full wp-image-31959\" alt=\"\" srcset=\"https:\/\/leixem.com\/wp-content\/uploads\/2025\/02\/1leixem.jpg 675w, https:\/\/leixem.com\/wp-content\/uploads\/2025\/02\/1leixem-300x300.jpg 300w, https:\/\/leixem.com\/wp-content\/uploads\/2025\/02\/1leixem-150x150.jpg 150w, https:\/\/leixem.com\/wp-content\/uploads\/2025\/02\/1leixem-12x12.jpg 12w\" sizes=\"(max-width: 675px) 100vw, 675px\" \/>\t\t\t\t\t\t\t\t\t\t\t\t\t\t\t<\/div>\n\t\t\t\t<\/div>\n\t\t\t\t<\/div>\n\t\t\t\t<\/div>\n\t\t\t\t<\/div>\n\t\t\t\t\t<\/div>\n\t\t\t\t<\/div>\n\t\t<div class=\"elementor-element elementor-element-96fa8d0 e-flex e-con-boxed e-con e-parent\" data-id=\"96fa8d0\" data-element_type=\"container\">\n\t\t\t\t\t<div class=\"e-con-inner\">\n\t\t\t\t<div class=\"elementor-element elementor-element-a79ad2b elementor-widget-divider--view-line elementor-widget elementor-widget-divider\" data-id=\"a79ad2b\" data-element_type=\"widget\" data-widget_type=\"divider.default\">\n\t\t\t\t<div class=\"elementor-widget-container\">\n\t\t\t\t\t\t\t<div class=\"elementor-divider\">\n\t\t\t<span class=\"elementor-divider-separator\">\n\t\t\t\t\t\t<\/span>\n\t\t<\/div>\n\t\t\t\t\t\t<\/div>\n\t\t\t\t<\/div>\n\t\t\t\t\t<\/div>\n\t\t\t\t<\/div>\n\t\t\t\t<\/div>","protected":false},"excerpt":{"rendered":"<p>GESTION DE PARC DE TERMINAUX LEIXEM offre deux plateformes logicielles novatrices destin\u00e9es \u00e0 am\u00e9liorer la visibilit\u00e9 client, l&rsquo;exp\u00e9rience utilisateur et\u00a0 la productivit\u00e9. Ces plateformes int\u00e8grent des fonctionnalit\u00e9s puissantes, notamment:\u00a0 1.Architecture bas\u00e9e sur les roles 2.Multi-locataire 3.MulTiMs 4.POSGuard 5.Tradeye 6.Envoi de messages sur l&rsquo;\u00e9cran du terminal 7.G\u00e9olocalisation\u00a0 Ces fonctionnalit\u00e9s permettent \u00e0 LEIXEM de fournir des solutions&#8230;<\/p>","protected":false},"author":4,"featured_media":0,"parent":0,"menu_order":0,"comment_status":"closed","ping_status":"closed","template":"elementor_header_footer","meta":{"_kadence_starter_templates_imported_post":false,"_kad_post_transparent":"","_kad_post_title":"hide","_kad_post_layout":"fullwidth","_kad_post_sidebar_id":"","_kad_post_content_style":"unboxed","_kad_post_vertical_padding":"hide","_kad_post_feature":"hide","_kad_post_feature_position":"","_kad_post_header":false,"_kad_post_footer":false,"footnotes":""},"class_list":["post-31525","page","type-page","status-publish","hentry"],"yoast_head":"<!-- This site is optimized with the Yoast SEO plugin v24.9 - https:\/\/yoast.com\/wordpress\/plugins\/seo\/ -->\n<title>Gestion Parc Terminaux -<\/title>\n<meta name=\"robots\" content=\"index, follow, max-snippet:-1, max-image-preview:large, max-video-preview:-1\" \/>\n<link rel=\"canonical\" href=\"https:\/\/leixem.com\/en\/services-gestion-parc-terminaux\/\" \/>\n<meta property=\"og:locale\" content=\"en_US\" \/>\n<meta property=\"og:type\" content=\"article\" \/>\n<meta property=\"og:title\" content=\"Gestion Parc Terminaux -\" \/>\n<meta property=\"og:description\" content=\"GESTION DE PARC DE TERMINAUX LEIXEM offre deux plateformes logicielles novatrices destin\u00e9es \u00e0 am\u00e9liorer la visibilit\u00e9 client, l&rsquo;exp\u00e9rience utilisateur et\u00a0 la productivit\u00e9. Ces plateformes int\u00e8grent des fonctionnalit\u00e9s puissantes, notamment:\u00a0 1.Architecture bas\u00e9e sur les roles 2.Multi-locataire 3.MulTiMs 4.POSGuard 5.Tradeye 6.Envoi de messages sur l&rsquo;\u00e9cran du terminal 7.G\u00e9olocalisation\u00a0 Ces fonctionnalit\u00e9s permettent \u00e0 LEIXEM de fournir des solutions...\" \/>\n<meta property=\"og:url\" content=\"https:\/\/leixem.com\/en\/services-gestion-parc-terminaux\/\" \/>\n<meta property=\"article:modified_time\" content=\"2025-03-01T23:34:26+00:00\" \/>\n<meta property=\"og:image\" content=\"https:\/\/leixem.com\/wp-content\/uploads\/2025\/02\/leixem.jpg\" \/>\n\t<meta property=\"og:image:width\" content=\"675\" \/>\n\t<meta property=\"og:image:height\" content=\"675\" \/>\n\t<meta property=\"og:image:type\" content=\"image\/jpeg\" \/>\n<meta name=\"twitter:card\" content=\"summary_large_image\" \/>\n<meta name=\"twitter:label1\" content=\"Est. reading time\" \/>\n\t<meta name=\"twitter:data1\" content=\"1 minute\" \/>\n<script type=\"application\/ld+json\" class=\"yoast-schema-graph\">{\"@context\":\"https:\/\/schema.org\",\"@graph\":[{\"@type\":\"WebPage\",\"@id\":\"https:\/\/leixem.com\/services-gestion-parc-terminaux\/\",\"url\":\"https:\/\/leixem.com\/services-gestion-parc-terminaux\/\",\"name\":\"Gestion Parc Terminaux -\",\"isPartOf\":{\"@id\":\"https:\/\/leixem.com\/#website\"},\"primaryImageOfPage\":{\"@id\":\"https:\/\/leixem.com\/services-gestion-parc-terminaux\/#primaryimage\"},\"image\":{\"@id\":\"https:\/\/leixem.com\/services-gestion-parc-terminaux\/#primaryimage\"},\"thumbnailUrl\":\"https:\/\/leixem.com\/wp-content\/uploads\/2025\/02\/leixem.jpg\",\"datePublished\":\"2025-01-23T18:15:50+00:00\",\"dateModified\":\"2025-03-01T23:34:26+00:00\",\"breadcrumb\":{\"@id\":\"https:\/\/leixem.com\/services-gestion-parc-terminaux\/#breadcrumb\"},\"inLanguage\":\"en-US\",\"potentialAction\":[{\"@type\":\"ReadAction\",\"target\":[\"https:\/\/leixem.com\/services-gestion-parc-terminaux\/\"]}]},{\"@type\":\"ImageObject\",\"inLanguage\":\"en-US\",\"@id\":\"https:\/\/leixem.com\/services-gestion-parc-terminaux\/#primaryimage\",\"url\":\"https:\/\/leixem.com\/wp-content\/uploads\/2025\/02\/leixem.jpg\",\"contentUrl\":\"https:\/\/leixem.com\/wp-content\/uploads\/2025\/02\/leixem.jpg\"},{\"@type\":\"BreadcrumbList\",\"@id\":\"https:\/\/leixem.com\/services-gestion-parc-terminaux\/#breadcrumb\",\"itemListElement\":[{\"@type\":\"ListItem\",\"position\":1,\"name\":\"Accueil\",\"item\":\"https:\/\/leixem.com\/\"},{\"@type\":\"ListItem\",\"position\":2,\"name\":\"Gestion Parc Terminaux\"}]},{\"@type\":\"WebSite\",\"@id\":\"https:\/\/leixem.com\/#website\",\"url\":\"https:\/\/leixem.com\/\",\"name\":\"\",\"description\":\"\",\"potentialAction\":[{\"@type\":\"SearchAction\",\"target\":{\"@type\":\"EntryPoint\",\"urlTemplate\":\"https:\/\/leixem.com\/?s={search_term_string}\"},\"query-input\":{\"@type\":\"PropertyValueSpecification\",\"valueRequired\":true,\"valueName\":\"search_term_string\"}}],\"inLanguage\":\"en-US\"}]}<\/script>\n<!-- \/ Yoast SEO plugin. -->","yoast_head_json":{"title":"Gestion Parc Terminaux -","robots":{"index":"index","follow":"follow","max-snippet":"max-snippet:-1","max-image-preview":"max-image-preview:large","max-video-preview":"max-video-preview:-1"},"canonical":"https:\/\/leixem.com\/en\/services-gestion-parc-terminaux\/","og_locale":"en_US","og_type":"article","og_title":"Gestion Parc Terminaux -","og_description":"GESTION DE PARC DE TERMINAUX LEIXEM offre deux plateformes logicielles novatrices destin\u00e9es \u00e0 am\u00e9liorer la visibilit\u00e9 client, l&rsquo;exp\u00e9rience utilisateur et\u00a0 la productivit\u00e9. Ces plateformes int\u00e8grent des fonctionnalit\u00e9s puissantes, notamment:\u00a0 1.Architecture bas\u00e9e sur les roles 2.Multi-locataire 3.MulTiMs 4.POSGuard 5.Tradeye 6.Envoi de messages sur l&rsquo;\u00e9cran du terminal 7.G\u00e9olocalisation\u00a0 Ces fonctionnalit\u00e9s permettent \u00e0 LEIXEM de fournir des solutions...","og_url":"https:\/\/leixem.com\/en\/services-gestion-parc-terminaux\/","article_modified_time":"2025-03-01T23:34:26+00:00","og_image":[{"width":675,"height":675,"url":"https:\/\/leixem.com\/wp-content\/uploads\/2025\/02\/leixem.jpg","type":"image\/jpeg"}],"twitter_card":"summary_large_image","twitter_misc":{"Est. reading time":"1 minute"},"schema":{"@context":"https:\/\/schema.org","@graph":[{"@type":"WebPage","@id":"https:\/\/leixem.com\/services-gestion-parc-terminaux\/","url":"https:\/\/leixem.com\/services-gestion-parc-terminaux\/","name":"Gestion Parc Terminaux -","isPartOf":{"@id":"https:\/\/leixem.com\/#website"},"primaryImageOfPage":{"@id":"https:\/\/leixem.com\/services-gestion-parc-terminaux\/#primaryimage"},"image":{"@id":"https:\/\/leixem.com\/services-gestion-parc-terminaux\/#primaryimage"},"thumbnailUrl":"https:\/\/leixem.com\/wp-content\/uploads\/2025\/02\/leixem.jpg","datePublished":"2025-01-23T18:15:50+00:00","dateModified":"2025-03-01T23:34:26+00:00","breadcrumb":{"@id":"https:\/\/leixem.com\/services-gestion-parc-terminaux\/#breadcrumb"},"inLanguage":"en-US","potentialAction":[{"@type":"ReadAction","target":["https:\/\/leixem.com\/services-gestion-parc-terminaux\/"]}]},{"@type":"ImageObject","inLanguage":"en-US","@id":"https:\/\/leixem.com\/services-gestion-parc-terminaux\/#primaryimage","url":"https:\/\/leixem.com\/wp-content\/uploads\/2025\/02\/leixem.jpg","contentUrl":"https:\/\/leixem.com\/wp-content\/uploads\/2025\/02\/leixem.jpg"},{"@type":"BreadcrumbList","@id":"https:\/\/leixem.com\/services-gestion-parc-terminaux\/#breadcrumb","itemListElement":[{"@type":"ListItem","position":1,"name":"Accueil","item":"https:\/\/leixem.com\/"},{"@type":"ListItem","position":2,"name":"Gestion Parc Terminaux"}]},{"@type":"WebSite","@id":"https:\/\/leixem.com\/#website","url":"https:\/\/leixem.com\/","name":"","description":"","potentialAction":[{"@type":"SearchAction","target":{"@type":"EntryPoint","urlTemplate":"https:\/\/leixem.com\/?s={search_term_string}"},"query-input":{"@type":"PropertyValueSpecification","valueRequired":true,"valueName":"search_term_string"}}],"inLanguage":"en-US"}]}},"_links":{"self":[{"href":"https:\/\/leixem.com\/en\/wp-json\/wp\/v2\/pages\/31525","targetHints":{"allow":["GET"]}}],"collection":[{"href":"https:\/\/leixem.com\/en\/wp-json\/wp\/v2\/pages"}],"about":[{"href":"https:\/\/leixem.com\/en\/wp-json\/wp\/v2\/types\/page"}],"author":[{"embeddable":true,"href":"https:\/\/leixem.com\/en\/wp-json\/wp\/v2\/users\/4"}],"replies":[{"embeddable":true,"href":"https:\/\/leixem.com\/en\/wp-json\/wp\/v2\/comments?post=31525"}],"version-history":[{"count":88,"href":"https:\/\/leixem.com\/en\/wp-json\/wp\/v2\/pages\/31525\/revisions"}],"predecessor-version":[{"id":32425,"href":"https:\/\/leixem.com\/en\/wp-json\/wp\/v2\/pages\/31525\/revisions\/32425"}],"wp:attachment":[{"href":"https:\/\/leixem.com\/en\/wp-json\/wp\/v2\/media?parent=31525"}],"curies":[{"name":"wp","href":"https:\/\/api.w.org\/{rel}","templated":true}]}}