{"id":31521,"date":"2025-01-23T19:14:57","date_gmt":"2025-01-23T18:14:57","guid":{"rendered":"https:\/\/leixem.com\/?page_id=31521"},"modified":"2025-02-27T20:02:58","modified_gmt":"2025-02-27T19:02:58","slug":"services-etude-conseil-formation","status":"publish","type":"page","link":"https:\/\/leixem.com\/en\/services-etude-conseil-formation\/","title":{"rendered":"Study, Advice, Training"},"content":{"rendered":"<div data-elementor-type=\"wp-page\" data-elementor-id=\"31521\" class=\"elementor elementor-31521\" data-elementor-post-type=\"page\">\n\t\t\t\t<div class=\"elementor-element elementor-element-0200ce2 e-con-full e-flex e-con e-parent\" data-id=\"0200ce2\" data-element_type=\"container\" data-settings=\"{&quot;animation&quot;:&quot;none&quot;}\">\n\t\t\t\t<\/div>\n\t\t<div class=\"elementor-element elementor-element-c518a2b e-flex e-con-boxed e-con e-parent\" data-id=\"c518a2b\" data-element_type=\"container\">\n\t\t\t\t\t<div class=\"e-con-inner\">\n\t\t\t\t<div class=\"elementor-element elementor-element-9286da2 elementor-widget elementor-widget-heading\" data-id=\"9286da2\" data-element_type=\"widget\" data-widget_type=\"heading.default\">\n\t\t\t\t<div class=\"elementor-widget-container\">\n\t\t\t\t\t<h2 class=\"elementor-heading-title elementor-size-default\">STUDY, TRAINING, ADVICE<br><\/h2>\t\t\t\t<\/div>\n\t\t\t\t<\/div>\n\t\t\t\t<div class=\"elementor-element elementor-element-8ec5f10 elementor-widget elementor-widget-text-editor\" data-id=\"8ec5f10\" data-element_type=\"widget\" data-widget_type=\"text-editor.default\">\n\t\t\t\t<div class=\"elementor-widget-container\">\n\t\t\t\t\t\t\t\t\t<p>In an increasingly connected world, digital innovation and digital payments are transforming business models and consumer behaviors. Our team of experts supports you at every stage of your digital transformation, offering in-depth studies, specialized training and strategic advice tailored to your business challenges.<\/p>\t\t\t\t\t\t\t\t<\/div>\n\t\t\t\t<\/div>\n\t\t\t\t\t<\/div>\n\t\t\t\t<\/div>\n\t\t<div class=\"elementor-element elementor-element-jsechvj e-flex e-con-boxed e-con e-parent\" data-id=\"jsechvj\" data-element_type=\"container\" data-settings=\"{&quot;background_background&quot;:&quot;classic&quot;}\">\n\t\t\t\t\t<div class=\"e-con-inner\">\n\t\t<div class=\"elementor-element elementor-element-a8dfc12 e-con-full e-flex e-con e-child\" data-id=\"a8dfc12\" data-element_type=\"container\" data-settings=\"{&quot;background_background&quot;:&quot;classic&quot;}\">\n\t\t\t\t<div class=\"elementor-element elementor-element-d3fd550 elementor-widget elementor-widget-image\" data-id=\"d3fd550\" data-element_type=\"widget\" data-widget_type=\"image.default\">\n\t\t\t\t<div class=\"elementor-widget-container\">\n\t\t\t\t\t\t\t\t\t\t\t\t\t\t\t<img fetchpriority=\"high\" decoding=\"async\" width=\"500\" height=\"750\" src=\"https:\/\/leixem.com\/wp-content\/uploads\/2025\/02\/photo-about-me.jpg\" class=\"attachment-full size-full wp-image-31785\" alt=\"\" srcset=\"https:\/\/leixem.com\/wp-content\/uploads\/2025\/02\/photo-about-me.jpg 500w, https:\/\/leixem.com\/wp-content\/uploads\/2025\/02\/photo-about-me-200x300.jpg 200w, https:\/\/leixem.com\/wp-content\/uploads\/2025\/02\/photo-about-me-8x12.jpg 8w\" sizes=\"(max-width: 500px) 100vw, 500px\" \/>\t\t\t\t\t\t\t\t\t\t\t\t\t\t\t<\/div>\n\t\t\t\t<\/div>\n\t\t\t\t<\/div>\n\t\t<div class=\"elementor-element elementor-element-6f44c62 e-con-full e-flex e-con e-child\" data-id=\"6f44c62\" data-element_type=\"container\">\n\t\t\t\t<div class=\"elementor-element elementor-element-864ff67 elementor-widget elementor-widget-heading\" data-id=\"864ff67\" data-element_type=\"widget\" data-widget_type=\"heading.default\">\n\t\t\t\t<div class=\"elementor-widget-container\">\n\t\t\t\t\t<h5 class=\"elementor-heading-title elementor-size-default\">STUDY<\/h5>\t\t\t\t<\/div>\n\t\t\t\t<\/div>\n\t\t\t\t<div class=\"elementor-element elementor-element-891b90c elementor-widget-divider--view-line elementor-widget elementor-widget-divider\" data-id=\"891b90c\" data-element_type=\"widget\" data-widget_type=\"divider.default\">\n\t\t\t\t<div class=\"elementor-widget-container\">\n\t\t\t\t\t\t\t<div class=\"elementor-divider\">\n\t\t\t<span class=\"elementor-divider-separator\">\n\t\t\t\t\t\t<\/span>\n\t\t<\/div>\n\t\t\t\t\t\t<\/div>\n\t\t\t\t<\/div>\n\t\t\t\t<div class=\"elementor-element elementor-element-be95f36 elementor-widget elementor-widget-text-editor\" data-id=\"be95f36\" data-element_type=\"widget\" data-widget_type=\"text-editor.default\">\n\t\t\t\t<div class=\"elementor-widget-container\">\n\t\t\t\t\t\t\t\t\t<p>In-depth Analysis and Solution Research <br \/>We dive into your specific needs, scrutinizing every detail to evaluate the best-performing options in the digital payments space. Our team combines industry and technology expertise to provide you with customized reports that serve as strategic guides. By identifying opportunities for innovation in your sector, we help you transform your business processes and optimize your payment solutions.<\/p>\t\t\t\t\t\t\t\t<\/div>\n\t\t\t\t<\/div>\n\t\t\t\t<\/div>\n\t\t<div class=\"elementor-element elementor-element-20e1569 e-con-full e-flex e-con e-child\" data-id=\"20e1569\" data-element_type=\"container\">\n\t\t\t\t<div class=\"elementor-element elementor-element-1347696 elementor-widget elementor-widget-heading\" data-id=\"1347696\" data-element_type=\"widget\" data-widget_type=\"heading.default\">\n\t\t\t\t<div class=\"elementor-widget-container\">\n\t\t\t\t\t<h5 class=\"elementor-heading-title elementor-size-default\">Training<\/h5>\t\t\t\t<\/div>\n\t\t\t\t<\/div>\n\t\t\t\t<div class=\"elementor-element elementor-element-2751262 elementor-widget-divider--view-line elementor-widget elementor-widget-divider\" data-id=\"2751262\" data-element_type=\"widget\" data-widget_type=\"divider.default\">\n\t\t\t\t<div class=\"elementor-widget-container\">\n\t\t\t\t\t\t\t<div class=\"elementor-divider\">\n\t\t\t<span class=\"elementor-divider-separator\">\n\t\t\t\t\t\t<\/span>\n\t\t<\/div>\n\t\t\t\t\t\t<\/div>\n\t\t\t\t<\/div>\n\t\t\t\t<div class=\"elementor-element elementor-element-a315032 elementor-widget elementor-widget-text-editor\" data-id=\"a315032\" data-element_type=\"widget\" data-widget_type=\"text-editor.default\">\n\t\t\t\t<div class=\"elementor-widget-container\">\n\t\t\t\t\t\t\t\t\t<p>Upgrading Skills and Adapting to New Technologies <br \/>To stay competitive in today\u2019s ever-changing digital world, it\u2019s essential to stay on the cutting edge of innovation. That\u2019s why we offer customized training programs for you and your team \u2013 whether you\u2019re new to payments technology or an expert.<br \/>Our training courses cover a wide range of topics, from an introduction to mobile payments to an in-depth understanding of blockchains, cryptocurrencies and the latest security solutions. Through hands-on and interactive sessions, you will be able to acquire the skills needed to anticipate new trends and successfully navigate the world of digital payments.<br \/>Don\u2019t let the future catch you off guard: master the digital tools that will shape tomorrow\u2019s payments landscape with our tailor-made training courses.<\/p>\t\t\t\t\t\t\t\t<\/div>\n\t\t\t\t<\/div>\n\t\t\t\t<\/div>\n\t\t\t\t\t<\/div>\n\t\t\t\t<\/div>\n\t\t<div class=\"elementor-element elementor-element-f8vhtlx e-flex e-con-boxed e-con e-parent\" data-id=\"f8vhtlx\" data-element_type=\"container\" data-settings=\"{&quot;background_background&quot;:&quot;classic&quot;}\">\n\t\t\t\t\t<div class=\"e-con-inner\">\n\t\t<div class=\"elementor-element elementor-element-51d8580 e-con-full e-flex e-con e-child\" data-id=\"51d8580\" data-element_type=\"container\">\n\t\t\t\t<div class=\"elementor-element elementor-element-e3cd49f elementor-widget elementor-widget-heading\" data-id=\"e3cd49f\" data-element_type=\"widget\" data-widget_type=\"heading.default\">\n\t\t\t\t<div class=\"elementor-widget-container\">\n\t\t\t\t\t<h5 class=\"elementor-heading-title elementor-size-default\">ADVICE <\/h5>\t\t\t\t<\/div>\n\t\t\t\t<\/div>\n\t\t\t\t<div class=\"elementor-element elementor-element-a0f5962 elementor-widget-divider--view-line elementor-widget elementor-widget-divider\" data-id=\"a0f5962\" data-element_type=\"widget\" data-widget_type=\"divider.default\">\n\t\t\t\t<div class=\"elementor-widget-container\">\n\t\t\t\t\t\t\t<div class=\"elementor-divider\">\n\t\t\t<span class=\"elementor-divider-separator\">\n\t\t\t\t\t\t<\/span>\n\t\t<\/div>\n\t\t\t\t\t\t<\/div>\n\t\t\t\t<\/div>\n\t\t\t\t<div class=\"elementor-element elementor-element-277a5ac elementor-widget elementor-widget-text-editor\" data-id=\"277a5ac\" data-element_type=\"widget\" data-widget_type=\"text-editor.default\">\n\t\t\t\t<div class=\"elementor-widget-container\">\n\t\t\t\t\t\t\t\t\t<p>Strategic and Technological Support <br \/>Our team of expert consultants is here to guide you through the maze of digital payments and digital innovation. Through an in-depth analysis of your needs, we provide you with informed advice on the best practices to adopt and the technologies to integrate into your projects. We support you from A to Z in the implementation of new payment solutions, thus ensuring their long-term success.<\/p>\t\t\t\t\t\t\t\t<\/div>\n\t\t\t\t<\/div>\n\t\t\t\t<\/div>\n\t\t\t\t\t<\/div>\n\t\t\t\t<\/div>\n\t\t<div class=\"elementor-element elementor-element-adbb065 e-flex e-con-boxed e-con e-parent\" data-id=\"adbb065\" data-element_type=\"container\" data-settings=\"{&quot;background_background&quot;:&quot;classic&quot;}\">\n\t\t\t\t\t<div class=\"e-con-inner\">\n\t\t<div class=\"elementor-element elementor-element-7262593 e-con-full e-flex e-con e-child\" data-id=\"7262593\" data-element_type=\"container\">\n\t\t\t\t<div class=\"elementor-element elementor-element-1f9ef18 elementor-widget elementor-widget-heading\" data-id=\"1f9ef18\" data-element_type=\"widget\" data-widget_type=\"heading.default\">\n\t\t\t\t<div class=\"elementor-widget-container\">\n\t\t\t\t\t<h5 class=\"elementor-heading-title elementor-size-default\">Digital strategy <\/h5>\t\t\t\t<\/div>\n\t\t\t\t<\/div>\n\t\t\t\t<div class=\"elementor-element elementor-element-5c7d266 elementor-widget-divider--view-line elementor-widget elementor-widget-divider\" data-id=\"5c7d266\" data-element_type=\"widget\" data-widget_type=\"divider.default\">\n\t\t\t\t<div class=\"elementor-widget-container\">\n\t\t\t\t\t\t\t<div class=\"elementor-divider\">\n\t\t\t<span class=\"elementor-divider-separator\">\n\t\t\t\t\t\t<\/span>\n\t\t<\/div>\n\t\t\t\t\t\t<\/div>\n\t\t\t\t<\/div>\n\t\t\t\t<div class=\"elementor-element elementor-element-17932aa elementor-widget elementor-widget-text-editor\" data-id=\"17932aa\" data-element_type=\"widget\" data-widget_type=\"text-editor.default\">\n\t\t\t\t<div class=\"elementor-widget-container\">\n\t\t\t\t\t\t\t\t\t<p>We develop a personalized roadmap for your company's digital transformation, in order to stay ahead in a constantly changing market.<\/p><p>Payment Solutions: We help you choose and implement the payment technologies best suited to your specific objectives, taking into account market trends and the needs of your customers.<\/p><p>Regulatory Compliance: Our thorough legal and regulatory monitoring ensures that your solutions fully comply with current standards, thus avoiding any future risks or problems.<\/p><p>Payment Security: Protecting your transactions is our priority. We implement industry-leading security protocols to prevent fraud and ensure the confidentiality of your payments, thus strengthening the trust of your customers.<\/p><p><br \/>\u2022\u2060 \u2060Specialized expertise: Advanced mastery of the constantly evolving sector of digital payments and technological innovation. <br \/>\u2022\u2060 \u2060Tailor-made approach: Customized solutions that take into account the size and unique characteristics of your business.<\/p><p>\u2022\u2060 \u2060Full support: From the initial assessment to concrete implementation, we guide you through each step of the process to ensure your success.<\/p>\t\t\t\t\t\t\t\t<\/div>\n\t\t\t\t<\/div>\n\t\t\t\t<\/div>\n\t\t\t\t\t<\/div>\n\t\t\t\t<\/div>\n\t\t<div class=\"elementor-element elementor-element-hjtzhn6 e-flex e-con-boxed e-con e-parent\" data-id=\"hjtzhn6\" data-element_type=\"container\" data-settings=\"{&quot;background_background&quot;:&quot;classic&quot;}\">\n\t\t\t\t\t<div class=\"e-con-inner\">\n\t\t\t\t\t<\/div>\n\t\t\t\t<\/div>\n\t\t\t\t<\/div>","protected":false},"excerpt":{"rendered":"<p>\u00c9TUDE, FORMATION, CONSEIL Dans un monde de plus en plus connect\u00e9, l&rsquo;innovation digitale et les paiements num\u00e9riques transforment les mod\u00e8les \u00e9conomiques et les comportements des consommateurs. Notre \u00e9quipe d&rsquo;experts vous accompagne \u00e0 chaque \u00e9tape de votre transformation num\u00e9rique, en vous offrant des \u00e9tudes approfondies, des formations sp\u00e9cialis\u00e9es et des conseils strat\u00e9giques adapt\u00e9s aux enjeux de&#8230;<\/p>","protected":false},"author":4,"featured_media":0,"parent":0,"menu_order":0,"comment_status":"closed","ping_status":"closed","template":"elementor_header_footer","meta":{"_kadence_starter_templates_imported_post":false,"_kad_post_transparent":"","_kad_post_title":"hide","_kad_post_layout":"fullwidth","_kad_post_sidebar_id":"","_kad_post_content_style":"unboxed","_kad_post_vertical_padding":"hide","_kad_post_feature":"hide","_kad_post_feature_position":"","_kad_post_header":false,"_kad_post_footer":false,"footnotes":""},"class_list":["post-31521","page","type-page","status-publish","hentry"],"yoast_head":"<!-- This site is optimized with the Yoast SEO plugin v24.9 - https:\/\/yoast.com\/wordpress\/plugins\/seo\/ -->\n<title>Etude, Conseil, Formation -<\/title>\n<meta name=\"robots\" content=\"index, follow, max-snippet:-1, max-image-preview:large, max-video-preview:-1\" \/>\n<link rel=\"canonical\" href=\"https:\/\/leixem.com\/en\/services-etude-conseil-formation\/\" \/>\n<meta property=\"og:locale\" content=\"en_US\" \/>\n<meta property=\"og:type\" content=\"article\" \/>\n<meta property=\"og:title\" content=\"Etude, Conseil, Formation -\" \/>\n<meta property=\"og:description\" content=\"\u00c9TUDE, FORMATION, CONSEIL Dans un monde de plus en plus connect\u00e9, l&rsquo;innovation digitale et les paiements num\u00e9riques transforment les mod\u00e8les \u00e9conomiques et les comportements des consommateurs. Notre \u00e9quipe d&rsquo;experts vous accompagne \u00e0 chaque \u00e9tape de votre transformation num\u00e9rique, en vous offrant des \u00e9tudes approfondies, des formations sp\u00e9cialis\u00e9es et des conseils strat\u00e9giques adapt\u00e9s aux enjeux de...\" \/>\n<meta property=\"og:url\" content=\"https:\/\/leixem.com\/en\/services-etude-conseil-formation\/\" \/>\n<meta property=\"article:modified_time\" content=\"2025-02-27T19:02:58+00:00\" \/>\n<meta property=\"og:image\" content=\"https:\/\/leixem.com\/wp-content\/uploads\/2025\/02\/photo-about-me.jpg\" \/>\n<meta name=\"twitter:card\" content=\"summary_large_image\" \/>\n<meta name=\"twitter:label1\" content=\"Est. reading time\" \/>\n\t<meta name=\"twitter:data1\" content=\"3 minutes\" \/>\n<script type=\"application\/ld+json\" class=\"yoast-schema-graph\">{\"@context\":\"https:\/\/schema.org\",\"@graph\":[{\"@type\":\"WebPage\",\"@id\":\"https:\/\/leixem.com\/services-etude-conseil-formation\/\",\"url\":\"https:\/\/leixem.com\/services-etude-conseil-formation\/\",\"name\":\"Etude, Conseil, Formation -\",\"isPartOf\":{\"@id\":\"https:\/\/leixem.com\/#website\"},\"primaryImageOfPage\":{\"@id\":\"https:\/\/leixem.com\/services-etude-conseil-formation\/#primaryimage\"},\"image\":{\"@id\":\"https:\/\/leixem.com\/services-etude-conseil-formation\/#primaryimage\"},\"thumbnailUrl\":\"https:\/\/leixem.com\/wp-content\/uploads\/2025\/02\/photo-about-me.jpg\",\"datePublished\":\"2025-01-23T18:14:57+00:00\",\"dateModified\":\"2025-02-27T19:02:58+00:00\",\"breadcrumb\":{\"@id\":\"https:\/\/leixem.com\/services-etude-conseil-formation\/#breadcrumb\"},\"inLanguage\":\"en-US\",\"potentialAction\":[{\"@type\":\"ReadAction\",\"target\":[\"https:\/\/leixem.com\/services-etude-conseil-formation\/\"]}]},{\"@type\":\"ImageObject\",\"inLanguage\":\"en-US\",\"@id\":\"https:\/\/leixem.com\/services-etude-conseil-formation\/#primaryimage\",\"url\":\"https:\/\/leixem.com\/wp-content\/uploads\/2025\/02\/photo-about-me.jpg\",\"contentUrl\":\"https:\/\/leixem.com\/wp-content\/uploads\/2025\/02\/photo-about-me.jpg\"},{\"@type\":\"BreadcrumbList\",\"@id\":\"https:\/\/leixem.com\/services-etude-conseil-formation\/#breadcrumb\",\"itemListElement\":[{\"@type\":\"ListItem\",\"position\":1,\"name\":\"Accueil\",\"item\":\"https:\/\/leixem.com\/\"},{\"@type\":\"ListItem\",\"position\":2,\"name\":\"Etude, Conseil, Formation\"}]},{\"@type\":\"WebSite\",\"@id\":\"https:\/\/leixem.com\/#website\",\"url\":\"https:\/\/leixem.com\/\",\"name\":\"\",\"description\":\"\",\"potentialAction\":[{\"@type\":\"SearchAction\",\"target\":{\"@type\":\"EntryPoint\",\"urlTemplate\":\"https:\/\/leixem.com\/?s={search_term_string}\"},\"query-input\":{\"@type\":\"PropertyValueSpecification\",\"valueRequired\":true,\"valueName\":\"search_term_string\"}}],\"inLanguage\":\"en-US\"}]}<\/script>\n<!-- \/ Yoast SEO plugin. -->","yoast_head_json":{"title":"Etude, Conseil, Formation -","robots":{"index":"index","follow":"follow","max-snippet":"max-snippet:-1","max-image-preview":"max-image-preview:large","max-video-preview":"max-video-preview:-1"},"canonical":"https:\/\/leixem.com\/en\/services-etude-conseil-formation\/","og_locale":"en_US","og_type":"article","og_title":"Etude, Conseil, Formation -","og_description":"\u00c9TUDE, FORMATION, CONSEIL Dans un monde de plus en plus connect\u00e9, l&rsquo;innovation digitale et les paiements num\u00e9riques transforment les mod\u00e8les \u00e9conomiques et les comportements des consommateurs. Notre \u00e9quipe d&rsquo;experts vous accompagne \u00e0 chaque \u00e9tape de votre transformation num\u00e9rique, en vous offrant des \u00e9tudes approfondies, des formations sp\u00e9cialis\u00e9es et des conseils strat\u00e9giques adapt\u00e9s aux enjeux de...","og_url":"https:\/\/leixem.com\/en\/services-etude-conseil-formation\/","article_modified_time":"2025-02-27T19:02:58+00:00","og_image":[{"url":"https:\/\/leixem.com\/wp-content\/uploads\/2025\/02\/photo-about-me.jpg","type":"","width":"","height":""}],"twitter_card":"summary_large_image","twitter_misc":{"Est. reading time":"3 minutes"},"schema":{"@context":"https:\/\/schema.org","@graph":[{"@type":"WebPage","@id":"https:\/\/leixem.com\/services-etude-conseil-formation\/","url":"https:\/\/leixem.com\/services-etude-conseil-formation\/","name":"Etude, Conseil, Formation -","isPartOf":{"@id":"https:\/\/leixem.com\/#website"},"primaryImageOfPage":{"@id":"https:\/\/leixem.com\/services-etude-conseil-formation\/#primaryimage"},"image":{"@id":"https:\/\/leixem.com\/services-etude-conseil-formation\/#primaryimage"},"thumbnailUrl":"https:\/\/leixem.com\/wp-content\/uploads\/2025\/02\/photo-about-me.jpg","datePublished":"2025-01-23T18:14:57+00:00","dateModified":"2025-02-27T19:02:58+00:00","breadcrumb":{"@id":"https:\/\/leixem.com\/services-etude-conseil-formation\/#breadcrumb"},"inLanguage":"en-US","potentialAction":[{"@type":"ReadAction","target":["https:\/\/leixem.com\/services-etude-conseil-formation\/"]}]},{"@type":"ImageObject","inLanguage":"en-US","@id":"https:\/\/leixem.com\/services-etude-conseil-formation\/#primaryimage","url":"https:\/\/leixem.com\/wp-content\/uploads\/2025\/02\/photo-about-me.jpg","contentUrl":"https:\/\/leixem.com\/wp-content\/uploads\/2025\/02\/photo-about-me.jpg"},{"@type":"BreadcrumbList","@id":"https:\/\/leixem.com\/services-etude-conseil-formation\/#breadcrumb","itemListElement":[{"@type":"ListItem","position":1,"name":"Accueil","item":"https:\/\/leixem.com\/"},{"@type":"ListItem","position":2,"name":"Etude, Conseil, Formation"}]},{"@type":"WebSite","@id":"https:\/\/leixem.com\/#website","url":"https:\/\/leixem.com\/","name":"","description":"","potentialAction":[{"@type":"SearchAction","target":{"@type":"EntryPoint","urlTemplate":"https:\/\/leixem.com\/?s={search_term_string}"},"query-input":{"@type":"PropertyValueSpecification","valueRequired":true,"valueName":"search_term_string"}}],"inLanguage":"en-US"}]}},"_links":{"self":[{"href":"https:\/\/leixem.com\/en\/wp-json\/wp\/v2\/pages\/31521","targetHints":{"allow":["GET"]}}],"collection":[{"href":"https:\/\/leixem.com\/en\/wp-json\/wp\/v2\/pages"}],"about":[{"href":"https:\/\/leixem.com\/en\/wp-json\/wp\/v2\/types\/page"}],"author":[{"embeddable":true,"href":"https:\/\/leixem.com\/en\/wp-json\/wp\/v2\/users\/4"}],"replies":[{"embeddable":true,"href":"https:\/\/leixem.com\/en\/wp-json\/wp\/v2\/comments?post=31521"}],"version-history":[{"count":31,"href":"https:\/\/leixem.com\/en\/wp-json\/wp\/v2\/pages\/31521\/revisions"}],"predecessor-version":[{"id":32234,"href":"https:\/\/leixem.com\/en\/wp-json\/wp\/v2\/pages\/31521\/revisions\/32234"}],"wp:attachment":[{"href":"https:\/\/leixem.com\/en\/wp-json\/wp\/v2\/media?parent=31521"}],"curies":[{"name":"wp","href":"https:\/\/api.w.org\/{rel}","templated":true}]}}